{"id":19,"date":"2022-04-07T01:59:52","date_gmt":"2022-04-06T21:59:52","guid":{"rendered":"https:\/\/agsaqqallarsurasi.az\/?page_id=19"},"modified":"2022-11-03T20:57:53","modified_gmt":"2022-11-03T16:57:53","slug":"haqqimizda","status":"publish","type":"page","link":"https:\/\/agsaqqallarsurasi.az\/en\/haqqimizda\/","title":{"rendered":"ABOUT US"},"content":{"rendered":"<p>[vc_row][vc_column]\t\t\t<link rel=\"stylesheet\" id=\"wd-section-title-css\" href=\"https:\/\/agsaqqallarsurasi.az\/wp-content\/themes\/agsaqqallarsurasi\/css\/parts\/el-section-title.min.css?ver=6.2.4\" type=\"text\/css\" media=\"all\" \/> \t\t\t\t\t\n\t\t<div id=\"wd-6254201bd4dc3\" class=\"title-wrapper wd-wpb set-mb-s reset-last-child  wd-rs-6254201bd4dc3 wd-title-color-primary wd-underline-colored wd-title-style-underlined wd-width-100 text-left \">\n\t\t\t\n\t\t\t<div class=\"liner-continer\">\n\t\t\t\t<h4 class=\"woodmart-title-container title  wd-font-weight- wd-fontsize-l\" >HAQQIMIZDA<\/h4>\n\t\t\t\t\t\t\t<\/div>\n\t\t\t\n\t\t\t\n\t\t\t\n\t\t<\/div>\n\t\t\n\t\t[\/vc_column][\/vc_row][vc_row css=&#8221;.vc_custom_1649678762963{padding-bottom: 170px !important;}&#8221; woodmart_css_id=&#8221;625419a325518&#8243; responsive_spacing=&#8221;eyJwYXJhbV90eXBlIjoid29vZG1hcnRfcmVzcG9uc2l2ZV9zcGFjaW5nIiwic2VsZWN0b3JfaWQiOiI2MjU0MTlhMzI1NTE4Iiwic2hvcnRjb2RlIjoidmNfcm93IiwiZGF0YSI6eyJ0YWJsZXQiOnt9LCJtb2JpbGUiOnt9fX0=&#8221; mobile_bg_img_hidden=&#8221;no&#8221; tablet_bg_img_hidden=&#8221;no&#8221; woodmart_parallax=&#8221;0&#8243; woodmart_gradient_switch=&#8221;no&#8221; woodmart_box_shadow=&#8221;no&#8221; wd_z_index=&#8221;no&#8221; woodmart_disable_overflow=&#8221;0&#8243; row_reverse_mobile=&#8221;0&#8243; row_reverse_tablet=&#8221;0&#8243;][vc_column]\t\t\t<link rel=\"stylesheet\" id=\"wd-list-css\" href=\"https:\/\/agsaqqallarsurasi.az\/wp-content\/themes\/agsaqqallarsurasi\/css\/parts\/el-list.min.css?ver=6.2.4\" type=\"text\/css\" media=\"all\" \/> \t\t\t\n\t\t<ul class=\" wd-rs-627b6cb66f2e0 wd-list wd-wpb color-scheme- wd-fontsize-m wd-list-type-icon wd-list-style-default wd-justify-left \" id=\"wd-627b6cb66f2e0\">\n\t\t\t\t\t\t\t\t\t\t\t<li>\n\t\t\t\t\t<span class=\"list-icon fas fa-angle-double-right\"><\/span>\n\t\t\t\t\t<span class=\"list-content\">Tarixi v\u0259 f\u0259aliyy\u0259t istiqam\u0259tl\u0259ri<\/span>\n\t\t\t\t\t\t\t\t\t\t\t<a class=\"wd-fill\" href=\"https:\/\/agsaqqallarsurasi.az\/haqqimizda\/tarixi-v%c9%99-fa%c9%99liyy%c9%99t-istiqam%c9%99tl%c9%99ri\/\" title=\"Tarixi v\u0259 fa\u0259liyy\u0259t istiqam\u0259tl\u0259ri\" aria-label=\"List link\"><\/a>\n\t\t\t\t\t\t\t\t\t<\/li>\n\t\t\t\t\t\t\t\t\t\t\t<li>\n\t\t\t\t\t<span class=\"list-icon fas fa-angle-double-right\"><\/span>\n\t\t\t\t\t<span class=\"list-content\">Az\u0259rbaycan A\u011fsaqqallar \u015euras\u0131n\u0131n N\u0130ZAMNAM\u018fS\u0130<\/span>\n\t\t\t\t\t\t\t\t\t\t\t<a class=\"wd-fill\" href=\"https:\/\/agsaqqallarsurasi.az\/haqqimizda\/nizamnam%c9%99\/\" title=\"Az\u0259rbaycan A\u011fsaqqallar \u015euras\u0131n\u0131n N\u0130ZAMNAM\u018fS\u0130\" aria-label=\"List link\"><\/a>\n\t\t\t\t\t\t\t\t\t<\/li>\n\t\t\t\t\t\t\t\t\t\t\t<li>\n\t\t\t\t\t<span class=\"list-icon fas fa-angle-double-right\"><\/span>\n\t\t\t\t\t<span class=\"list-content\">RAYON (\u015e\u018fH\u018fR) A\u011eSAQQALLAR \u015eURALARININ N\u00dcMUN\u018fV\u0130 \u018fSASNAM\u018fS\u0130<\/span>\n\t\t\t\t\t\t\t\t\t\t\t<a class=\"wd-fill\" href=\"https:\/\/agsaqqallarsurasi.az\/haqqimizda\/%c9%99sasnam%c9%99-s%c9%99h%c9%99r-v%c9%99-rayon-t%c9%99skilatlari-ucun\/\" title=\"RAYON (\u015e\u018fH\u018fR) A\u011eSAQQALLAR \u015eURALARININ N\u00dcMUN\u018fV\u0130 \u018fSASNAM\u018fS\u0130\" aria-label=\"List link\"><\/a>\n\t\t\t\t\t\t\t\t\t<\/li>\n\t\t\t\t\t<\/ul>\n\t\t[\/vc_column][\/vc_row]<\/p>\n","protected":false},"excerpt":{"rendered":"<p>[vc_row][vc_column][\/vc_column][\/vc_row][vc_row css=&#8221;.vc_custom_1649678762963{padding-bottom: 170px !important;}&#8221; woodmart_css_id=&#8221;625419a325518&#8243; responsive_spacing=&#8221;eyJwYXJhbV90eXBlIjoid29vZG1hcnRfcmVzcG9uc2l2ZV9zcGFjaW5nIiwic2VsZWN0b3JfaWQiOiI2MjU0MTlhMzI1NTE4Iiwic2hvcnRjb2RlIjoidmNfcm93IiwiZGF0YSI6eyJ0YWJsZXQiOnt9LCJtb2JpbGUiOnt9fX0=&#8221; mobile_bg_img_hidden=&#8221;no&#8221; tablet_bg_img_hidden=&#8221;no&#8221; woodmart_parallax=&#8221;0&#8243; woodmart_gradient_switch=&#8221;no&#8221; woodmart_box_shadow=&#8221;no&#8221; wd_z_index=&#8221;no&#8221; woodmart_disable_overflow=&#8221;0&#8243; row_reverse_mobile=&#8221;0&#8243; row_reverse_tablet=&#8221;0&#8243;][vc_column][\/vc_column][\/vc_row]<\/p>\n","protected":false},"author":1,"featured_media":0,"parent":0,"menu_order":0,"comment_status":"closed","ping_status":"closed","template":"","meta":{"cybocfi_hide_featured_image":""},"_links":{"self":[{"href":"https:\/\/agsaqqallarsurasi.az\/en\/wp-json\/wp\/v2\/pages\/19"}],"collection":[{"href":"https:\/\/agsaqqallarsurasi.az\/en\/wp-json\/wp\/v2\/pages"}],"about":[{"href":"https:\/\/agsaqqallarsurasi.az\/en\/wp-json\/wp\/v2\/types\/page"}],"author":[{"embeddable":true,"href":"https:\/\/agsaqqallarsurasi.az\/en\/wp-json\/wp\/v2\/users\/1"}],"replies":[{"embeddable":true,"href":"https:\/\/agsaqqallarsurasi.az\/en\/wp-json\/wp\/v2\/comments?post=19"}],"version-history":[{"count":11,"href":"https:\/\/agsaqqallarsurasi.az\/en\/wp-json\/wp\/v2\/pages\/19\/revisions"}],"predecessor-version":[{"id":4813,"href":"https:\/\/agsaqqallarsurasi.az\/en\/wp-json\/wp\/v2\/pages\/19\/revisions\/4813"}],"wp:attachment":[{"href":"https:\/\/agsaqqallarsurasi.az\/en\/wp-json\/wp\/v2\/media?parent=19"}],"curies":[{"name":"wp","href":"https:\/\/api.w.org\/{rel}","templated":true}]}}