{"id":217,"date":"2022-04-10T21:16:11","date_gmt":"2022-04-10T17:16:11","guid":{"rendered":"https:\/\/agsaqqallarsurasi.az\/?page_id=217"},"modified":"2022-11-08T22:47:27","modified_gmt":"2022-11-08T18:47:27","slug":"s%c9%99h%c9%99r-v%c9%99-rayon-t%c9%99skilatlarinin-s%c9%99drl%c9%99ri","status":"publish","type":"page","link":"https:\/\/agsaqqallarsurasi.az\/en\/r%c9%99hb%c9%99r-struktur\/s%c9%99h%c9%99r-v%c9%99-rayon-t%c9%99skilatlarinin-s%c9%99drl%c9%99ri\/","title":{"rendered":"Chairmen of city and district organizations"},"content":{"rendered":"<p>[vc_row][vc_column]\t\t\t<link rel=\"stylesheet\" id=\"wd-section-title-css\" href=\"https:\/\/agsaqqallarsurasi.az\/wp-content\/themes\/agsaqqallarsurasi\/css\/parts\/el-section-title.min.css?ver=6.2.4\" type=\"text\/css\" media=\"all\" \/> \t\t\t\t\t\n\t\t<div id=\"wd-636aa4260e4a1\" class=\"title-wrapper wd-wpb set-mb-s reset-last-child  wd-rs-636aa4260e4a1 wd-title-color-primary wd-underline-colored wd-title-style-underlined wd-width-100 text-left \">\n\t\t\t\n\t\t\t<div class=\"liner-continer\">\n\t\t\t\t<h4 class=\"woodmart-title-container title  wd-font-weight- wd-fontsize-l\" >Chairmen of city and district organizations<\/h4>\n\t\t\t\t\t\t\t<\/div>\n\t\t\t\n\t\t\t\n\t\t\t\n\t\t<\/div>\n\t\t\n\t\t[\/vc_column][\/vc_row][vc_row woodmart_css_id=&#8221;6254287b0c9de&#8221; responsive_spacing=&#8221;eyJwYXJhbV90eXBlIjoid29vZG1hcnRfcmVzcG9uc2l2ZV9zcGFjaW5nIiwic2VsZWN0b3JfaWQiOiI2MjU0Mjg3YjBjOWRlIiwic2hvcnRjb2RlIjoidmNfcm93IiwiZGF0YSI6eyJ0YWJsZXQiOnt9LCJtb2JpbGUiOnt9fX0=&#8221; mobile_bg_img_hidden=&#8221;no&#8221; tablet_bg_img_hidden=&#8221;no&#8221; woodmart_parallax=&#8221;0&#8243; woodmart_gradient_switch=&#8221;no&#8221; woodmart_box_shadow=&#8221;no&#8221; wd_z_index=&#8221;no&#8221; woodmart_disable_overflow=&#8221;0&#8243; row_reverse_mobile=&#8221;0&#8243; row_reverse_tablet=&#8221;0&#8243;][vc_column][vc_column_text woodmart_inline=&#8221;no&#8221; text_larger=&#8221;no&#8221;]1. Bin\u0259q\u0259di Rayon A\u011fsaqqallar \u015euras\u0131n\u0131n s\u0259dri &#8211;\u00a0<strong>R\u0259fiyev Akif\u00a0 B\u0259\u015fir o\u011flu<\/strong><\/p>\n<p>2. X\u0259tai Rayon A\u011fsaqqallar \u015euras\u0131n\u0131n s\u0259dri &#8211;\u00a0<strong>R\u00fcst\u0259mov \u0130zz\u0259t \u018f\u015fr\u0259f o\u011flu\u00a0<\/strong><\/p>\n<p>3. X\u0259z\u0259r Rayon A\u011fsaqqallar \u015euras\u0131n\u0131n s\u0259dri &#8211;\u00a0<strong>Salahov R\u00f6v\u015f\u0259n Ruhulla o\u011flu<\/strong><\/p>\n<p>4. Qarada\u011f Rayon A\u011fsaqqallar \u015euras\u0131n\u0131n s\u0259dri &#8211;\u00a0<strong>M\u0259mm\u0259dov Ramin H\u00fcseyn o\u011flu<\/strong><\/p>\n<p>5. N\u0259rimanov Rayon A\u011fsaqqallar \u015euras\u0131n\u0131n s\u0259dri &#8211;\u00a0<strong>H\u00fcmb\u0259tov Arif M\u0259h\u0259mm\u0259d\u0259li<\/strong><\/p>\n<p>6. N\u0259simi Rayon A\u011fsaqqallar \u015euras\u0131n\u0131n s\u0259dri &#8211;\u00a0<strong>\u015eadlinski Vaqif Bilas o\u011flu<\/strong><\/p>\n<p>7. Nizami Rayon A\u011fsaqqallar \u015euras\u0131n\u0131n s\u0259dri &#8211;\u00a0<strong>\u018fliyev May\u0131l Qas\u0131m o\u011flu<\/strong><\/p>\n<p>8. Sabun\u00e7u Rayon A\u011fsaqqallar \u015euras\u0131n\u0131n s\u0259dri &#8211;\u00a0<strong>M\u0259mm\u0259dov S\u0259m\u0259nd\u0259r Eyvaz o\u011flu<\/strong><\/p>\n<p>9. S\u0259bail Rayon A\u011fsaqqallar \u015euras\u0131n\u0131n s\u0259dri &#8211;\u00a0<strong>Bayraml\u0131 Baba Abbas o\u011flu<\/strong><\/p>\n<p>10. Suraxan\u0131 Rayon A\u011fsaqqallar \u015euras\u0131n\u0131n s\u0259dri &#8211;\u00a0<strong>Babayev Arif Eyvaz o\u011flu<\/strong><\/p>\n<p>11. Yasamal Rayon A\u011fsaqqallar \u015euras\u0131n\u0131n s\u0259dri &#8211;\u00a0<strong>Qurbanov Cavan\u015fir Kaz\u0131m o\u011flu<\/strong><\/p>\n<p>12. Pirallah\u0131 Rayon A\u011fsaqqallar \u015euras\u0131n\u0131n s\u0259dri &#8211;\u00a0<strong>K\u0259rimov \u018fli K\u0259r\u0259m o\u011flu<\/strong><\/p>\n<p>13.\u00a0 G\u0259nc\u0259 \u015e\u0259h\u0259r A\u011fsaqqallar \u015euras\u0131n\u0131n s\u0259dri \u2013 <strong>M\u0259mm\u0259dov Nur\u0259ddin N\u0259c\u0259f o\u011flu<\/strong><\/p>\n<p>14. Sumqay\u0131t \u015e\u0259h\u0259r A\u011fsaqqallar \u015euras\u0131n\u0131n s\u0259dri \u2013\u00a0<strong>Quliyev T\u0259brik M\u00fcz\u0259ff\u0259r o\u011flu<\/strong><\/p>\n<p>15.\u00a0 Yevlax \u015e\u0259h\u0259r A\u011fsaqqallar \u015euras\u0131n\u0131n s\u0259dri &#8211;\u00a0<strong>M\u00fcrs\u0259lov Minn\u0259t \u0130brahim o\u011flu<\/strong><\/p>\n<p>16. \u015eirvan \u015e\u0259h\u0259r A\u011fsaqqallar \u015euras\u0131n\u0131n s\u0259dri &#8211;\u00a0\u00a0<strong>R\u0259himov F\u0259xr\u0259ddin Novruz o\u011flu<\/strong><\/p>\n<p>17. Naftalan \u015e\u0259h\u0259r A\u011fsaqqallar \u015euras\u0131n\u0131n s\u0259dri &#8211;\u00a0<strong>B\u0259d\u0259lov M\u00f6h\u00fcbb\u0259t Havil o\u011flu<\/strong><\/p>\n<p>18.\u00a0 Ming\u0259\u00e7evir \u015e\u0259h\u0259r A\u011fsaqqallar \u015euras\u0131n\u0131n s\u0259dri &#8211;\u00a0<strong>Hac\u0131yev Akif\u00a0 Novruz o\u011flu<\/strong><\/p>\n<p>19\u00a0 \u015e\u0259ki Rayon A\u011fsaqqallar \u015euras\u0131n\u0131n s\u0259dri &#8211;\u00a0<strong>Bala\u015fov Na\u011fdal\u0131 Ayd\u0131n o\u011flu<\/strong><\/p>\n<p>20. L\u0259nk\u0259ran Rayon A\u011fsaqqallar \u015euras\u0131n\u0131n s\u0259dri &#8211;\u00a0<strong>H\u00fcseynov Eldar S\u0259rdar o\u011flu<\/strong><\/p>\n<p>21.\u00a0 Ab\u015feron Rayon A\u011fsaqqallar \u015euras\u0131n\u0131n s\u0259dri &#8211;\u00a0<strong>A\u011fayev Nadir \u015eirxan o\u011flu<\/strong><\/p>\n<p>22.\u00a0A\u011fcab\u0259di Rayon A\u011fsaqqallar \u015euras\u0131n\u0131n s\u0259dri &#8211;\u00a0<strong>N\u0259c\u0259fov \u018flizad\u0259 \u015e\u0259mil o\u011flu<\/strong><\/p>\n<p>23.\u00a0 A\u011fdam Rayon A\u011fsaqqallar \u015euras\u0131n\u0131n s\u0259dri &#8211;\u00a0\u00a0<strong>Mikay\u0131lov \u018fv\u0259z Yusif o\u011flu<\/strong><\/p>\n<p>24.\u00a0 A\u011fda\u015f Rayon A\u011fsaqqallar \u015euras\u0131n\u0131n s\u0259dri &#8211;\u00a0 \u00a0<strong>N\u0259biyev Rafiq Yusif o\u011flu<\/strong><\/p>\n<p>25.\u00a0 A\u011fstafa Rayon A\u011fsaqqallar \u015euras\u0131n\u0131n s\u0259dri &#8211;\u00a0<strong>H\u00fcseynov H\u00fcseyn \u018fziz o\u011flu<\/strong><\/p>\n<p>26.\u00a0 A\u011fsu Rayon A\u011fsaqqallar \u015euras\u0131n\u0131n s\u0259dri &#8211;\u00a0\u00a0<strong>Abdullayev Seyf\u0259ddin Seyfulla o\u011flu<\/strong><\/p>\n<p>27.\u00a0 Astara Rayon A\u011fsaqqallar \u015euras\u0131n\u0131n s\u0259dri &#8211;\u00a0<strong>\u0130badov Natiq N\u0259hm\u0259t\u00a0 o\u011flu<\/strong><\/p>\n<p>28. Balak\u0259n Rayon A\u011fsaqqallar \u015euras\u0131n\u0131n s\u0259dri &#8211;\u00a0<strong>Mir\u0259liyev X\u0259lif\u0259 Mollamusa o\u011flu<\/strong><\/p>\n<p>29. Beyl\u0259qan Rayon A\u011fsaqqallar \u015euras\u0131n\u0131n s\u0259dri &#8211;\u00a0<strong>\u0130manov Etibar R\u0259\u015fid o\u011flu<\/strong><\/p>\n<p>30. B\u0259rd\u0259 Rayon A\u011fsaqqallar \u015euras\u0131n\u0131n s\u0259dri &#8211;\u00a0<strong>Zamanov Ya\u015far\u00a0 \u018fl\u0259kb\u0259r o\u011flu<\/strong><\/p>\n<p>31. Bil\u0259suvar Rayon A\u011fsaqqallar \u015euras\u0131n\u0131n s\u0259dri &#8211;\u00a0<strong>Babayev \u018fli B\u0259dir o\u011flu<\/strong><\/p>\n<p>32. C\u0259lilabad Rayon A\u011fsaqqallar \u015euras\u0131n\u0131n s\u0259dri &#8211;\u00a0<strong>\u018fsg\u0259rov \u018fdal\u0259t Pa\u015fa o\u011flu<\/strong><\/p>\n<p>33. Da\u015fk\u0259s\u0259n Rayon A\u011fsaqqallar \u015euras\u0131n\u0131n s\u0259dri &#8211;\u00a0<strong>Qocayev Cavan\u015fir D\u00f6vl\u0259t o\u011flu<\/strong><\/p>\n<p>34. F\u00fczuli Rayon A\u011fsaqqallar \u015euras\u0131n\u0131n s\u0259dri &#8211;\u00a0<strong>\u018fliyev Z\u00fclf\u00fcqar P\u0259nah o\u011flu<\/strong><\/p>\n<p>35. G\u0259d\u0259b\u0259y Rayon A\u011fsaqqallar \u015euras\u0131n\u0131n s\u0259dri &#8211;\u00a0<strong>M\u0259mm\u0259dov K\u0259r\u0259m Saleh o\u011flu<\/strong><\/p>\n<p>36. Goranboy Rayon A\u011fsaqqallar \u015euras\u0131n\u0131n s\u0259dri &#8211;\u00a0<strong>M\u0259mm\u0259dov R\u0259ddin Tal\u0131\u015f o\u011flu<\/strong><\/p>\n<p>37. G\u00f6yg\u00f6l Rayon A\u011fsaqqallar \u015euras\u0131n\u0131n s\u0259dri &#8211;\u00a0<strong>Dil\u0259nov Dilq\u0259m M\u0259h\u0259r o\u011flu<\/strong><\/p>\n<p>38. G\u00f6y\u00e7ay Rayon A\u011fsaqqallar \u015euras\u0131n\u0131n s\u0259dri &#8211;\u00a0<strong>Orucov X\u0259lil R\u0259sul o\u011flu<\/strong><\/p>\n<p>39. Hac\u0131qabul Rayon A\u011fsaqqallar \u015euras\u0131n\u0131n s\u0259dri &#8211;\u00a0<strong>Aslanov Sahib H\u0259bib o\u011flu<\/strong><\/p>\n<p>40. Xa\u00e7maz Rayon A\u011fsaqqallar \u015euras\u0131n\u0131n s\u0259dri &#8211;\u00a0<strong>Abasov\u00a0M\u0259h\u0259rr\u0259m \u018fbilf\u0259rz o\u011flu<\/strong><\/p>\n<p>41. X\u0131z\u0131 Rayon A\u011fsaqqallar \u015euras\u0131n\u0131n s\u0259dri &#8211;\u00a0<strong>Na\u011f\u0131yev Arif Qaz\u0131 o\u011flu<\/strong><\/p>\n<p>42. \u0130mi\u015fli Rayon A\u011fsaqqallar \u015euras\u0131n\u0131n s\u0259dri &#8211;\u00a0<strong>\u018fmirov Ramiz Cahangir o\u011flu<\/strong><\/p>\n<p>43. \u0130smay\u0131ll\u0131 Rayon A\u011fsaqqallar \u015euras\u0131n\u0131n s\u0259dri &#8211;\u00a0<strong>Salehov Valeh M\u0259mm\u0259dh\u0259s\u0259n o\u011flu<\/strong><\/p>\n<p>44. K\u00fcrd\u0259mir Rayon A\u011fsaqqallar \u015euras\u0131n\u0131n s\u0259dri &#8211;\u00a0<strong>N\u0259sirov Ayy\u0259t Qurban o\u011flu<\/strong><\/p>\n<p>45. Qax Rayon A\u011fsaqqallar \u015euras\u0131n\u0131n s\u0259dri &#8211;\u00a0<strong>A\u015furov Nadir A\u011faki\u015fi o\u011flu<\/strong><\/p>\n<p>46. Qazax Rayon A\u011fsaqqallar \u015euras\u0131n\u0131n s\u0259dri \u2013\u00a0<strong>Mansurov Ramiz Dursun o\u011flu<\/strong><\/p>\n<p>47. Q\u0259b\u0259l\u0259 Rayon A\u011fsaqqallar \u015euras\u0131n\u0131n s\u0259dri &#8211;\u00a0<strong>\u0130smay\u0131lov Mehman Ramazan o\u011flu<\/strong><\/p>\n<p>48. Qobustan Rayon A\u011fsaqqallar \u015euras\u0131n\u0131n s\u0259dri &#8211;<strong>Bayramov \u015e\u0131xbala N\u0259sr\u0259ddin o\u011flu<\/strong><\/p>\n<p>49. Quba Rayon A\u011fsaqqallar \u015euras\u0131n\u0131n s\u0259dri &#8211;\u00a0<strong>M\u0259mm\u0259dov \u0130ld\u0131r\u0131m Nurulla o\u011flu<\/strong><\/p>\n<p>50. Qusar Rayon A\u011fsaqqallar \u015euras\u0131n\u0131n s\u0259dri &#8211;\u00a0<strong>Mehdixanov Vahid\u00a0 Beybala o\u011flu<\/strong><\/p>\n<p>51. Lerik Rayon A\u011fsaqqallar \u015euras\u0131n\u0131n s\u0259dri &#8211;\u00a0<strong>Q\u0259nb\u0259rov Elxan Mehdi o\u011flu<\/strong><\/p>\n<p>52.\u00a0 Masall\u0131 Rayon A\u011fsaqqallar \u015euras\u0131n\u0131n s\u0259dri &#8211;\u00a0<strong>Niftiyev \u018fl\u0259\u015fr\u0259f\u00a0 Nuru o\u011flu<\/strong><\/p>\n<p>53. Neft\u00e7ala Rayon A\u011fsaqqallar \u015euras\u0131n\u0131n s\u0259dri &#8211;\u00a0<strong>A\u011fayev \u018fb\u00fclf\u0259z Yusif o\u011flu<\/strong><\/p>\n<p>54. O\u011fuz Rayon A\u011fsaqqallar \u015euras\u0131n\u0131n s\u0259dri &#8211;\u00a0<strong>Cumayev Cuma X\u0259lil o\u011flu<\/strong><\/p>\n<p>55. Saatl\u0131 Rayon A\u011fsaqqallar \u015euras\u0131n\u0131n s\u0259dri &#8211;\u00a0<strong>H\u00fcseynov S\u0259daf\u0259r Misir o\u011flu<\/strong><\/p>\n<p>56. Sabirabad Rayon A\u011fsaqqallar \u015euras\u0131n\u0131n s\u0259dri &#8211;\u00a0<strong>F\u0259rz\u0259liyev Eyvaz Ad\u0131g\u00f6z\u0259l o\u011flu<\/strong><\/p>\n<p>57.\u00a0 Salyan Rayon A\u011fsaqqallar \u015euras\u0131n\u0131n s\u0259dri &#8211;\u00a0<strong>\u0130manov Beydulla Niftulla o\u011flu<\/strong><\/p>\n<p>58. Samux Rayon A\u011fsaqqallar \u015euras\u0131n\u0131n s\u0259dri &#8211;\u00a0<strong>Bayramov G\u0259ray Rza o\u011flu<\/strong><\/p>\n<p>59. Siy\u0259z\u0259n Rayon A\u011fsaqqallar \u015euras\u0131n\u0131n s\u0259dri &#8211;\u00a0<strong>N\u0259c\u0259fov Q\u0259z\u0259nf\u0259r K\u0259rim o\u011flu<\/strong><\/p>\n<p>60. \u015eabran Rayon A\u011fsaqqallar \u015euras\u0131n\u0131n s\u0259dri &#8211;\u00a0<strong>Abbasov B\u0259hlul M\u0259h\u0259mm\u0259d o\u011flu<\/strong><\/p>\n<p>61. \u015eamax\u0131 Rayon A\u011fsaqqallar \u015euras\u0131n\u0131n s\u0259dri &#8211;\u00a0<strong>\u018flicanov Mayil S\u0259dyar o\u011flu<\/strong><\/p>\n<p>62. \u015e\u0259mkir Rayon A\u011fsaqqallar \u015euras\u0131n\u0131n s\u0259dri &#8211;\u00a0<strong>M\u0259mm\u0259dov Bilal \u018fhm\u0259d o\u011flu<\/strong><\/p>\n<p>63. T\u0259rt\u0259r Rayon A\u011fsaqqallar \u015euras\u0131n\u0131n s\u0259dri &#8211;\u00a0<strong>M\u0259mm\u0259dov Faiq M\u0259rdan o\u011flu<\/strong><\/p>\n<p>64. Tovuz Rayon A\u011fsaqqallar \u015euras\u0131n\u0131n s\u0259dri &#8211;\u00a0<strong>Zeynalov Tofiq M\u0259h\u0259mm\u0259d\u0259li o\u011flu<\/strong><\/p>\n<p>65. Ucar Rayon A\u011fsaqqallar \u015euras\u0131n\u0131n s\u0259dri &#8211;\u00a0<strong>A\u011famal\u0131yev Mirzal\u0131 Qurban o\u011flu<\/strong><\/p>\n<p>66. Yard\u0131ml\u0131 Rayon A\u011fsaqqallar \u015euras\u0131n\u0131n s\u0259dri &#8211;\u00a0<strong>M\u0259nsimov M\u0259zlum Z\u00fclf\u00fcqar o\u011flu<\/strong><\/p>\n<p>67. Zaqatala Rayon A\u011fsaqqallar \u015euras\u0131n\u0131n s\u0259dri &#8211;\u00a0<strong>\u018fhm\u0259dov \u0130sa M\u0259h\u0259mm\u0259d o\u011flu<\/strong><\/p>\n<p>68. Z\u0259rdab Rayon A\u011fsaqqallar \u015euras\u0131n\u0131n s\u0259dri &#8211;\u00a0<strong>H\u00fcseynov Rasim R\u0259sul o\u011flu<\/strong><\/p>\n<p>69. Nax\u00e7\u0131van MR A\u011fsaqqallar \u015euras\u0131n\u0131n s\u0259dri &#8211;\u00a0<strong>M\u0259mm\u0259dov M\u0259mm\u0259d Qas\u0131m o\u011flu<\/strong><\/p>\n<p>70. Nax\u00e7\u0131van \u015e\u0259h\u0259r A\u011fsaqqallar \u015euras\u0131n\u0131n s\u0259dri &#8211;\u00a0<strong>Seyidov Tofiq Leysan o\u011flu<\/strong><\/p>\n<p>71. \u015e\u0259rur Rayon A\u011fsaqqallar \u015euras\u0131n\u0131n s\u0259dri &#8211;\u00a0<strong>Seyidov Mirh\u00fcseyn Mirh\u0259\u015fim o\u011flu<\/strong><\/p>\n<p>72. S\u0259d\u0259r\u0259k Rayon A\u011fsaqqallar \u015euras\u0131n\u0131n s\u0259dri &#8211;\u00a0<strong>A\u011fayev \u018fli C\u0259lil o\u011flu<\/strong><\/p>\n<p>73. K\u0259ng\u0259rli Rayon A\u011fsaqqallar \u015euras\u0131n\u0131n s\u0259dri &#8211;\u00a0<strong>Quluzad\u0259 Salman B\u0259hman o\u011flu<\/strong><\/p>\n<p>74. \u015eahbuz Rayon A\u011fsaqqallar \u015euras\u0131n\u0131n s\u0259dri &#8211;\u00a0<strong>C\u0259biyev Tamleyxa G\u00f6y\u00fc\u015f o\u011flu<\/strong><\/p>\n<p>75. Bab\u0259k Rayon A\u011fsaqqallar \u015euras\u0131n\u0131n s\u0259dri &#8211;\u00a0<strong>Abutal\u0131bov Tofiq Abutal\u0131b o\u011flu<\/strong><\/p>\n<p>76.\u00a0 Culfa Rayon A\u011fsaqqallar \u015euras\u0131n\u0131n s\u0259dri &#8211;\u00a0<strong>Allahverdiyev M\u00fcbariz H\u0259s\u0259n o\u011flu<\/strong><\/p>\n<p>77.\u00a0 Ordubad Rayon A\u011fsaqqallar \u015euras\u0131n\u0131n s\u0259dri &#8211;\u00a0<strong>H\u00fcseynov Ta\u011f\u0131 Rza o\u011flu<\/strong>[\/vc_column_text][\/vc_column][\/vc_row]<\/p>\n","protected":false},"excerpt":{"rendered":"<p>[vc_row][vc_column][\/vc_column][\/vc_row][vc_row woodmart_css_id=&#8221;6254287b0c9de&#8221; responsive_spacing=&#8221;eyJwYXJhbV90eXBlIjoid29vZG1hcnRfcmVzcG9uc2l2ZV9zcGFjaW5nIiwic2VsZWN0b3JfaWQiOiI2MjU0Mjg3YjBjOWRlIiwic2hvcnRjb2RlIjoidmNfcm93IiwiZGF0YSI6eyJ0YWJsZXQiOnt9LCJtb2JpbGUiOnt9fX0=&#8221; mobile_bg_img_hidden=&#8221;no&#8221; tablet_bg_img_hidden=&#8221;no&#8221; woodmart_parallax=&#8221;0&#8243; woodmart_gradient_switch=&#8221;no&#8221; woodmart_box_shadow=&#8221;no&#8221; wd_z_index=&#8221;no&#8221; woodmart_disable_overflow=&#8221;0&#8243; row_reverse_mobile=&#8221;0&#8243; row_reverse_tablet=&#8221;0&#8243;][vc_column][vc_column_text woodmart_inline=&#8221;no&#8221; text_larger=&#8221;no&#8221;]1. Bin\u0259q\u0259di Rayon A\u011fsaqqallar \u015euras\u0131n\u0131n s\u0259dri &#8211;\u00a0R\u0259fiyev<\/p>\n","protected":false},"author":1,"featured_media":0,"parent":23,"menu_order":0,"comment_status":"closed","ping_status":"closed","template":"","meta":{"cybocfi_hide_featured_image":""},"_links":{"self":[{"href":"https:\/\/agsaqqallarsurasi.az\/en\/wp-json\/wp\/v2\/pages\/217"}],"collection":[{"href":"https:\/\/agsaqqallarsurasi.az\/en\/wp-json\/wp\/v2\/pages"}],"about":[{"href":"https:\/\/agsaqqallarsurasi.az\/en\/wp-json\/wp\/v2\/types\/page"}],"author":[{"embeddable":true,"href":"https:\/\/agsaqqallarsurasi.az\/en\/wp-json\/wp\/v2\/users\/1"}],"replies":[{"embeddable":true,"href":"https:\/\/agsaqqallarsurasi.az\/en\/wp-json\/wp\/v2\/comments?post=217"}],"version-history":[{"count":7,"href":"https:\/\/agsaqqallarsurasi.az\/en\/wp-json\/wp\/v2\/pages\/217\/revisions"}],"predecessor-version":[{"id":5713,"href":"https:\/\/agsaqqallarsurasi.az\/en\/wp-json\/wp\/v2\/pages\/217\/revisions\/5713"}],"up":[{"embeddable":true,"href":"https:\/\/agsaqqallarsurasi.az\/en\/wp-json\/wp\/v2\/pages\/23"}],"wp:attachment":[{"href":"https:\/\/agsaqqallarsurasi.az\/en\/wp-json\/wp\/v2\/media?parent=217"}],"curies":[{"name":"wp","href":"https:\/\/api.w.org\/{rel}","templated":true}]}}