{"id":23,"date":"2022-04-07T02:00:28","date_gmt":"2022-04-06T22:00:28","guid":{"rendered":"https:\/\/agsaqqallarsurasi.az\/?page_id=23"},"modified":"2022-11-08T22:36:04","modified_gmt":"2022-11-08T18:36:04","slug":"r%c9%99hb%c9%99r-struktur","status":"publish","type":"page","link":"https:\/\/agsaqqallarsurasi.az\/en\/r%c9%99hb%c9%99r-struktur\/","title":{"rendered":"MANAGMENT STRUCTURE"},"content":{"rendered":"<p>[vc_row][vc_column]\t\t\t<link rel=\"stylesheet\" id=\"wd-section-title-css\" href=\"https:\/\/agsaqqallarsurasi.az\/wp-content\/themes\/agsaqqallarsurasi\/css\/parts\/el-section-title.min.css?ver=6.2.4\" type=\"text\/css\" media=\"all\" \/> \t\t\t\t\t\n\t\t<div id=\"wd-636aa18a74619\" class=\"title-wrapper wd-wpb set-mb-s reset-last-child  wd-rs-636aa18a74619 wd-title-color-primary wd-underline-colored wd-title-style-underlined wd-width-100 text-left \">\n\t\t\t\n\t\t\t<div class=\"liner-continer\">\n\t\t\t\t<h4 class=\"woodmart-title-container title  wd-font-weight- wd-fontsize-l\" >MANAGMENT STRUCTURE<\/h4>\n\t\t\t\t\t\t\t<\/div>\n\t\t\t\n\t\t\t\n\t\t\t\n\t\t<\/div>\n\t\t\n\t\t[\/vc_column][\/vc_row][vc_row css=&#8221;.vc_custom_1649678977846{padding-bottom: 100px !important;}&#8221; woodmart_css_id=&#8221;62541a7b54a58&#8243; responsive_spacing=&#8221;eyJwYXJhbV90eXBlIjoid29vZG1hcnRfcmVzcG9uc2l2ZV9zcGFjaW5nIiwic2VsZWN0b3JfaWQiOiI2MjU0MWE3YjU0YTU4Iiwic2hvcnRjb2RlIjoidmNfcm93IiwiZGF0YSI6eyJ0YWJsZXQiOnt9LCJtb2JpbGUiOnt9fX0=&#8221; mobile_bg_img_hidden=&#8221;no&#8221; tablet_bg_img_hidden=&#8221;no&#8221; woodmart_parallax=&#8221;0&#8243; woodmart_gradient_switch=&#8221;no&#8221; woodmart_box_shadow=&#8221;no&#8221; wd_z_index=&#8221;no&#8221; woodmart_disable_overflow=&#8221;0&#8243; row_reverse_mobile=&#8221;0&#8243; row_reverse_tablet=&#8221;0&#8243;][vc_column]\t\t\t<link rel=\"stylesheet\" id=\"wd-list-css\" href=\"https:\/\/agsaqqallarsurasi.az\/wp-content\/themes\/agsaqqallarsurasi\/css\/parts\/el-list.min.css?ver=6.2.4\" type=\"text\/css\" media=\"all\" \/> \t\t\t\n\t\t<ul class=\" wd-rs-6287d08b9c285 wd-list wd-wpb color-scheme- wd-fontsize-m wd-list-type-icon wd-list-style-default wd-justify-left \" id=\"wd-6287d08b9c285\">\n\t\t\t\t\t\t\t\t\t\t\t<li>\n\t\t\t\t\t<span class=\"list-icon fas fa-angle-double-right\"><\/span>\n\t\t\t\t\t<span class=\"list-content\">S\u0259dr muavinl\u0259ri<\/span>\n\t\t\t\t\t\t\t\t\t\t\t<a class=\"wd-fill\" href=\"https:\/\/agsaqqallarsurasi.az\/r%c9%99hb%c9%99r-struktur\/s%c9%99dr-muavinl%c9%99ri\/\" title=\"S\u0259dr muavinl\u0259ri\" aria-label=\"List link\"><\/a>\n\t\t\t\t\t\t\t\t\t<\/li>\n\t\t\t\t\t\t\t\t\t\t\t<li>\n\t\t\t\t\t<span class=\"list-icon fas fa-angle-double-right\"><\/span>\n\t\t\t\t\t<span class=\"list-content\">Az\u0259rbaycan A\u011fsaqqallar \u015euras\u0131n\u0131n \u0130dar\u0259 Hey\u0259tinin \u00fczvl\u0259ri<\/span>\n\t\t\t\t\t\t\t\t\t\t\t<a class=\"wd-fill\" href=\"https:\/\/agsaqqallarsurasi.az\/r%c9%99hb%c9%99r-struktur\/idar%c9%99-hey%c9%99ti\/\" title=\"Az\u0259rbaycan A\u011fsaqqallar \u015euras\u0131n\u0131n \u0130dar\u0259 Hey\u0259tinin \u00fczvl\u0259ri\" aria-label=\"List link\"><\/a>\n\t\t\t\t\t\t\t\t\t<\/li>\n\t\t\t\t\t\t\t\t\t\t\t<li>\n\t\t\t\t\t<span class=\"list-icon fas fa-angle-double-right\"><\/span>\n\t\t\t\t\t<span class=\"list-content\">N\u0259zar\u0259t-T\u0259fti\u015f Komissiyas\u0131<\/span>\n\t\t\t\t\t\t\t\t\t\t\t<a class=\"wd-fill\" href=\"https:\/\/agsaqqallarsurasi.az\/r%c9%99hb%c9%99r-struktur\/n%c9%99zar%c9%99t-t%c9%99ftis-komissiyasi\/\" title=\"N\u0259zar\u0259t-T\u0259fti\u015f Komissiyas\u0131\" aria-label=\"List link\"><\/a>\n\t\t\t\t\t\t\t\t\t<\/li>\n\t\t\t\t\t\t\t\t\t\t\t<li>\n\t\t\t\t\t<span class=\"list-icon fas fa-angle-double-right\"><\/span>\n\t\t\t\t\t<span class=\"list-content\">Aparat<\/span>\n\t\t\t\t\t\t\t\t\t\t\t<a class=\"wd-fill\" href=\"https:\/\/agsaqqallarsurasi.az\/r%c9%99hb%c9%99r-struktur\/aparat\/\" title=\"Aparat\" aria-label=\"List link\"><\/a>\n\t\t\t\t\t\t\t\t\t<\/li>\n\t\t\t\t\t\t\t\t\t\t\t<li>\n\t\t\t\t\t<span class=\"list-icon fas fa-angle-double-right\"><\/span>\n\t\t\t\t\t<span class=\"list-content\">\u015e\u0259h\u0259r v\u0259 rayon t\u0259\u015fkilatlar\u0131n\u0131n s\u0259drl\u0259ri<\/span>\n\t\t\t\t\t\t\t\t\t\t\t<a class=\"wd-fill\" href=\"https:\/\/agsaqqallarsurasi.az\/r%c9%99hb%c9%99r-struktur\/s%c9%99h%c9%99r-v%c9%99-rayon-t%c9%99skilatlarinin-s%c9%99drl%c9%99ri\/\" title=\"\u015e\u0259h\u0259r v\u0259 rayon t\u0259\u015fkilatlar\u0131n\u0131n s\u0259drl\u0259ri\" aria-label=\"List link\"><\/a>\n\t\t\t\t\t\t\t\t\t<\/li>\n\t\t\t\t\t<\/ul>\n\t\t[\/vc_column][\/vc_row]<\/p>\n","protected":false},"excerpt":{"rendered":"<p>[vc_row][vc_column][\/vc_column][\/vc_row][vc_row css=&#8221;.vc_custom_1649678977846{padding-bottom: 100px !important;}&#8221; woodmart_css_id=&#8221;62541a7b54a58&#8243; responsive_spacing=&#8221;eyJwYXJhbV90eXBlIjoid29vZG1hcnRfcmVzcG9uc2l2ZV9zcGFjaW5nIiwic2VsZWN0b3JfaWQiOiI2MjU0MWE3YjU0YTU4Iiwic2hvcnRjb2RlIjoidmNfcm93IiwiZGF0YSI6eyJ0YWJsZXQiOnt9LCJtb2JpbGUiOnt9fX0=&#8221; mobile_bg_img_hidden=&#8221;no&#8221; tablet_bg_img_hidden=&#8221;no&#8221; woodmart_parallax=&#8221;0&#8243; woodmart_gradient_switch=&#8221;no&#8221; woodmart_box_shadow=&#8221;no&#8221; wd_z_index=&#8221;no&#8221; woodmart_disable_overflow=&#8221;0&#8243; row_reverse_mobile=&#8221;0&#8243; row_reverse_tablet=&#8221;0&#8243;][vc_column][\/vc_column][\/vc_row]<\/p>\n","protected":false},"author":1,"featured_media":0,"parent":0,"menu_order":0,"comment_status":"closed","ping_status":"closed","template":"","meta":{"cybocfi_hide_featured_image":""},"_links":{"self":[{"href":"https:\/\/agsaqqallarsurasi.az\/en\/wp-json\/wp\/v2\/pages\/23"}],"collection":[{"href":"https:\/\/agsaqqallarsurasi.az\/en\/wp-json\/wp\/v2\/pages"}],"about":[{"href":"https:\/\/agsaqqallarsurasi.az\/en\/wp-json\/wp\/v2\/types\/page"}],"author":[{"embeddable":true,"href":"https:\/\/agsaqqallarsurasi.az\/en\/wp-json\/wp\/v2\/users\/1"}],"replies":[{"embeddable":true,"href":"https:\/\/agsaqqallarsurasi.az\/en\/wp-json\/wp\/v2\/comments?post=23"}],"version-history":[{"count":9,"href":"https:\/\/agsaqqallarsurasi.az\/en\/wp-json\/wp\/v2\/pages\/23\/revisions"}],"predecessor-version":[{"id":5707,"href":"https:\/\/agsaqqallarsurasi.az\/en\/wp-json\/wp\/v2\/pages\/23\/revisions\/5707"}],"wp:attachment":[{"href":"https:\/\/agsaqqallarsurasi.az\/en\/wp-json\/wp\/v2\/media?parent=23"}],"curies":[{"name":"wp","href":"https:\/\/api.w.org\/{rel}","templated":true}]}}